{"id":354,"date":"2025-03-25T20:38:37","date_gmt":"2025-03-25T18:38:37","guid":{"rendered":"https:\/\/kultepekoramazdernegi.com\/?page_id=354"},"modified":"2025-03-25T20:38:37","modified_gmt":"2025-03-25T18:38:37","slug":"kurumsal-kimlik","status":"publish","type":"page","link":"https:\/\/kultepekoramazdernegi.com\/?page_id=354","title":{"rendered":"Kurumsal Kimlik"},"content":{"rendered":"\n<p>Dernek logolar\u0131n\u0131 a\u015fa\u011f\u0131daki ba\u011flant\u0131lardan temin edebilirsiniz:<\/p>\n\n\n\n<p><a href=\"https:\/\/kultepekoramazdernegi.com\/dosya\/kultepe_kormaz_dernegi_logo.pdf\">PDF Format\u0131nda<\/a><\/p>\n\n\n\n<p><a href=\"https:\/\/kultepekoramazdernegi.com\/dosya\/kultepe_kormaz_dernegi_logo.png\">PNG Format\u0131nda<\/a><\/p>\n\n\n\n<p><\/p>\n","protected":false},"excerpt":{"rendered":"<p>Dernek logolar\u0131n\u0131 a\u015fa\u011f\u0131daki ba\u011flant\u0131lardan temin edebilirsiniz: PDF Format\u0131nda PNG Format\u0131nda<\/p>\n","protected":false},"author":1,"featured_media":0,"parent":0,"menu_order":0,"comment_status":"closed","ping_status":"closed","template":"","meta":{"footnotes":""},"class_list":["post-354","page","type-page","status-publish","hentry"],"_links":{"self":[{"href":"https:\/\/kultepekoramazdernegi.com\/index.php?rest_route=\/wp\/v2\/pages\/354","targetHints":{"allow":["GET"]}}],"collection":[{"href":"https:\/\/kultepekoramazdernegi.com\/index.php?rest_route=\/wp\/v2\/pages"}],"about":[{"href":"https:\/\/kultepekoramazdernegi.com\/index.php?rest_route=\/wp\/v2\/types\/page"}],"author":[{"embeddable":true,"href":"https:\/\/kultepekoramazdernegi.com\/index.php?rest_route=\/wp\/v2\/users\/1"}],"replies":[{"embeddable":true,"href":"https:\/\/kultepekoramazdernegi.com\/index.php?rest_route=%2Fwp%2Fv2%2Fcomments&post=354"}],"version-history":[{"count":1,"href":"https:\/\/kultepekoramazdernegi.com\/index.php?rest_route=\/wp\/v2\/pages\/354\/revisions"}],"predecessor-version":[{"id":355,"href":"https:\/\/kultepekoramazdernegi.com\/index.php?rest_route=\/wp\/v2\/pages\/354\/revisions\/355"}],"wp:attachment":[{"href":"https:\/\/kultepekoramazdernegi.com\/index.php?rest_route=%2Fwp%2Fv2%2Fmedia&parent=354"}],"curies":[{"name":"wp","href":"https:\/\/api.w.org\/{rel}","templated":true}]}}