{"id":154,"date":"2025-02-04T11:04:48","date_gmt":"2025-02-04T09:04:48","guid":{"rendered":"https:\/\/kultepekoramazdernegi.com\/?page_id=154"},"modified":"2025-02-04T11:07:43","modified_gmt":"2025-02-04T09:07:43","slug":"kultepe","status":"publish","type":"page","link":"https:\/\/kultepekoramazdernegi.com\/?page_id=154","title":{"rendered":"K\u00fcltepe"},"content":{"rendered":"<div data-colibri-id=\"154-c1\" class=\"style-220 style-local-154-c1 position-relative\">\n  <!---->\n  <div data-colibri-component=\"section\" data-colibri-id=\"154-c2\" id=\"about\" class=\"h-section h-section-global-spacing d-flex align-items-lg-center align-items-md-center align-items-center style-221 style-local-154-c2 position-relative\">\n    <!---->\n    <!---->\n    <div class=\"h-section-grid-container h-section-boxed-container\">\n      <!---->\n      <div data-colibri-id=\"154-c3\" class=\"h-row-container gutters-row-lg-0 gutters-row-md-0 gutters-row-0 gutters-row-v-lg-0 gutters-row-v-md-0 gutters-row-v-0 style-222 style-local-154-c3 position-relative\">\n        <!---->\n        <div class=\"h-row justify-content-lg-center justify-content-md-center justify-content-center align-items-lg-stretch align-items-md-stretch align-items-stretch gutters-col-lg-0 gutters-col-md-0 gutters-col-0 gutters-col-v-lg-0 gutters-col-v-md-0 gutters-col-v-0\">\n          <!---->\n          <div class=\"h-column h-column-container d-flex h-col-lg-auto h-col-md-auto h-col-auto style-223-outer style-local-154-c4-outer\">\n            <div data-colibri-id=\"154-c4\" class=\"d-flex h-flex-basis h-column__inner h-px-lg-0 h-px-md-0 h-px-0 v-inner-lg-0 v-inner-md-0 v-inner-0 style-223 style-local-154-c4 position-relative\">\n              <!---->\n              <!---->\n              <div class=\"w-100 h-y-container h-column__content h-column__v-align flex-basis-100 align-self-lg-start align-self-md-start align-self-start\">\n                <!---->\n                <div data-colibri-id=\"154-c5\" class=\"h-global-transition-all h-heading style-224 style-local-154-c5 position-relative h-element\">\n                  <!---->\n                  <div class=\"h-heading__outer style-224 style-local-154-c5\">\n                    <!---->\n                    <!---->\n                    <h5 class=\"\">\u00d6ren Yeri<\/h5>\n                  <\/div>\n                <\/div>\n                <div data-colibri-id=\"154-c6\" class=\"h-global-transition-all h-heading style-225 style-local-154-c6 position-relative h-element\">\n                  <!---->\n                  <div class=\"h-heading__outer style-225 style-local-154-c6\">\n                    <!---->\n                    <!---->\n                    <h2 class=\"\">K\u00fcltepe<\/h2>\n                  <\/div>\n                <\/div>\n                <div data-colibri-id=\"154-c7\" class=\"h-text h-text-component style-226 style-local-154-c7 position-relative h-element\">\n                  <!---->\n                  <!---->\n                  <div class=\"\">\n                    <p>K\u00fcltepe, Kayseri&#8217;de bulunan ve Kani\u015f (Kanesh) harabelerinin bulundu\u011fu bir antik kent ve \u00f6ren yeridir. 2014 y\u0131l\u0131ndan bu yana T\u00fcrkiye&#8217;deki UNESCO D\u00fcnya Miras\u0131 Ge\u00e7ici listesindedir. Ayr\u0131ca Hitit dilinin en erken izleri ile birlikte, M\u00d6\n                      20. y\u00fczy\u0131la tarihlenen yaz\u0131l\u0131 buluntularla, Hint-Avrupa dil ailesinin en eski izleri ke\u015ffedilmi\u015ftir.<\/p>\n                  <\/div>\n                <\/div>\n              <\/div>\n            <\/div>\n          <\/div>\n          <div class=\"h-column h-column-container d-flex h-col-lg-auto h-col-md-auto h-col-auto style-227-outer style-local-154-c8-outer\">\n            <div data-colibri-id=\"154-c8\" class=\"d-flex h-flex-basis h-column__inner h-ui-empty-state-container h-px-lg-2 h-px-md-2 h-px-2 v-inner-lg-2 v-inner-md-2 v-inner-2 style-227 style-local-154-c8 position-relative\">\n              <!---->\n              <!---->\n              <div class=\"w-100 h-y-container h-column__content h-column__v-align flex-basis-100\">\n                <!---->\n              <\/div>\n            <\/div>\n          <\/div>\n        <\/div>\n      <\/div>\n    <\/div>\n  <\/div>\n<\/div>","protected":false},"excerpt":{"rendered":"<p>\u00d6ren Yeri K\u00fcltepe K\u00fcltepe, Kayseri&#8217;de bulunan ve Kani\u015f (Kanesh) harabelerinin bulundu\u011fu bir antik kent ve \u00f6ren yeridir. 2014 y\u0131l\u0131ndan bu yana T\u00fcrkiye&#8217;deki UNESCO D\u00fcnya Miras\u0131 Ge\u00e7ici listesindedir. Ayr\u0131ca Hitit dilinin en erken izleri ile birlikte, M\u00d6 20. y\u00fczy\u0131la tarihlenen yaz\u0131l\u0131 buluntularla, Hint-Avrupa dil ailesinin en eski izleri ke\u015ffedilmi\u015ftir.<\/p>\n","protected":false},"author":1,"featured_media":0,"parent":0,"menu_order":0,"comment_status":"closed","ping_status":"closed","template":"page-templates\/full-width-page.php","meta":{"footnotes":""},"class_list":["post-154","page","type-page","status-publish","hentry"],"_links":{"self":[{"href":"https:\/\/kultepekoramazdernegi.com\/index.php?rest_route=\/wp\/v2\/pages\/154","targetHints":{"allow":["GET"]}}],"collection":[{"href":"https:\/\/kultepekoramazdernegi.com\/index.php?rest_route=\/wp\/v2\/pages"}],"about":[{"href":"https:\/\/kultepekoramazdernegi.com\/index.php?rest_route=\/wp\/v2\/types\/page"}],"author":[{"embeddable":true,"href":"https:\/\/kultepekoramazdernegi.com\/index.php?rest_route=\/wp\/v2\/users\/1"}],"replies":[{"embeddable":true,"href":"https:\/\/kultepekoramazdernegi.com\/index.php?rest_route=%2Fwp%2Fv2%2Fcomments&post=154"}],"version-history":[{"count":2,"href":"https:\/\/kultepekoramazdernegi.com\/index.php?rest_route=\/wp\/v2\/pages\/154\/revisions"}],"predecessor-version":[{"id":160,"href":"https:\/\/kultepekoramazdernegi.com\/index.php?rest_route=\/wp\/v2\/pages\/154\/revisions\/160"}],"wp:attachment":[{"href":"https:\/\/kultepekoramazdernegi.com\/index.php?rest_route=%2Fwp%2Fv2%2Fmedia&parent=154"}],"curies":[{"name":"wp","href":"https:\/\/api.w.org\/{rel}","templated":true}]}}