{"id":130,"date":"2025-02-04T10:55:31","date_gmt":"2025-02-04T08:55:31","guid":{"rendered":"https:\/\/kultepekoramazdernegi.com\/?page_id=130"},"modified":"2025-02-04T11:40:40","modified_gmt":"2025-02-04T09:40:40","slug":"koramaz-vadisi","status":"publish","type":"page","link":"https:\/\/kultepekoramazdernegi.com\/?page_id=130","title":{"rendered":"Koramaz Vadisi"},"content":{"rendered":"<div data-colibri-id=\"130-c1\" class=\"style-212 style-local-130-c1 position-relative\">\n  <!---->\n  <div data-colibri-component=\"section\" data-colibri-id=\"130-c2\" id=\"about\" class=\"h-section h-section-global-spacing d-flex align-items-lg-center align-items-md-center align-items-center style-213 style-local-130-c2 position-relative\">\n    <!---->\n    <!---->\n    <div class=\"h-section-grid-container h-section-boxed-container\">\n      <!---->\n      <div data-colibri-id=\"130-c3\" class=\"h-row-container gutters-row-lg-0 gutters-row-md-0 gutters-row-0 gutters-row-v-lg-0 gutters-row-v-md-0 gutters-row-v-0 style-214 style-local-130-c3 position-relative\">\n        <!---->\n        <div class=\"h-row justify-content-lg-center justify-content-md-center justify-content-center align-items-lg-stretch align-items-md-stretch align-items-stretch gutters-col-lg-0 gutters-col-md-0 gutters-col-0 gutters-col-v-lg-0 gutters-col-v-md-0 gutters-col-v-0\">\n          <!---->\n          <div class=\"h-column h-column-container d-flex h-col-lg-auto h-col-md-auto h-col-auto style-215-outer style-local-130-c4-outer\">\n            <div data-colibri-id=\"130-c4\" class=\"d-flex h-flex-basis h-column__inner h-px-lg-0 h-px-md-0 h-px-0 v-inner-lg-0 v-inner-md-0 v-inner-0 style-215 style-local-130-c4 position-relative\">\n              <!---->\n              <!---->\n              <div class=\"w-100 h-y-container h-column__content h-column__v-align flex-basis-100 align-self-lg-start align-self-md-start align-self-start\">\n                <!---->\n                <div data-colibri-id=\"130-c5\" class=\"h-global-transition-all h-heading style-216 style-local-130-c5 position-relative h-element\">\n                  <!---->\n                  <div class=\"h-heading__outer style-216 style-local-130-c5\">\n                    <!---->\n                    <!---->\n                    <h5 class=\"\">Nedir? Nerededir?<\/h5>\n                  <\/div>\n                <\/div>\n                <div data-colibri-id=\"130-c6\" class=\"h-global-transition-all h-heading style-217 style-local-130-c6 position-relative h-element\">\n                  <!---->\n                  <div class=\"h-heading__outer style-217 style-local-130-c6\">\n                    <!---->\n                    <!---->\n                    <h2 class=\"\">Koramaz Vadisi<\/h2>\n                  <\/div>\n                <\/div>\n                <div data-colibri-id=\"130-c7\" class=\"h-text h-text-component style-218 style-local-130-c7 position-relative h-element\">\n                  <!---->\n                  <!---->\n                  <div class=\"\">\n                    <p>Kayseri \u015fehir merkezinin kuzey do\u011fusunda yer alan Koramaz da\u011f\u0131n\u0131n ete\u011finden bat\u0131ya do\u011fru yakla\u015f\u0131k 12 km boyunca uzanan bu derin vadi; bar\u0131nd\u0131rd\u0131\u011f\u0131 k\u00fclt\u00fcrel ve sosyal ya\u015fam, bitki ve hayvan \u00e7e\u015fitlili\u011fi, tatl\u0131 su kaynaklar\u0131 ve binlerce\n                      y\u0131l geriye uzanan tarihi yap\u0131lar\u0131 ile adeta bir konsantre ya\u015fam alan\u0131d\u0131r. Vadi i\u00e7erisinde do\u011fudan bat\u0131ya do\u011fru Suba\u015f\u0131 (\u00dcsg\u00fcb\u00fc), K\u00fc\u00e7\u00fck B\u00fcr\u00fcng\u00fcz, A\u011f\u0131rnas, Turan (Dimitre), Vekse, Ba\u011fp\u0131nar (Isb\u0131d\u0131n) mahalleleri yer almaktad\u0131r. Bu mahallelerden\n                      A\u011f\u0131rnas, Mimar Sinan\u2019\u0131n do\u011fum yeridir ve halihaz\u0131rda Sinan eseri olan \u00fc\u00e7 tarihi \u00e7e\u015fmeye ev sahipli\u011fi yapmaktad\u0131r. Bu mahallelerin yani eski ad\u0131 ile k\u00f6ylerin ortak bir k\u00fclt\u00fcre sahip oldu\u011fu, kendilerine has bir sivil ta\u015f mimariye sahip\n                      olduklar\u0131 dikkatleri \u00e7ekmektedir. Vadinin i\u00e7inden akan Koramaz \u00e7ay\u0131, vadinin i\u00e7erisinden do\u011fan irili ufakl\u0131 \u00e7ok say\u0131da tatl\u0131 su kayna\u011f\u0131 ile beslenmektedir. Vadinin bat\u0131 y\u00f6n\u00fcnde a\u00e7\u0131ld\u0131\u011f\u0131 platoda K\u00fcltepe Arkeolojik sit alan\u0131 yer almaktad\u0131r.\n                      Vadi i\u00e7erisinde tescilli ya da tescilsiz ge\u00e7mi\u015fi Bizans\u2019a kadar uzanan 40\u2019tan fazla kaya kilise yer almaktad\u0131r. Ayr\u0131ca yine vadi i\u00e7erisinde tarihi bilinmeyen ancak savunma amac\u0131 ile in\u015fa edildi\u011fi anla\u015f\u0131lan yer alt\u0131 savunma yap\u0131lar\u0131\n                      da bulunmaktad\u0131r. Koramaz Vadisi UNESCO D\u00fcnya Miras\u0131 Ge\u00e7ici Listesinde yer almaktad\u0131r.<\/p>\n                  <\/div>\n                <\/div>\n              <\/div>\n            <\/div>\n          <\/div>\n          <div class=\"h-column h-column-container d-flex h-col-lg-auto h-col-md-auto h-col-auto style-219-outer style-local-130-c8-outer\">\n            <div data-colibri-id=\"130-c8\" class=\"d-flex h-flex-basis h-column__inner h-ui-empty-state-container h-px-lg-2 h-px-md-2 h-px-2 v-inner-lg-2 v-inner-md-2 v-inner-2 style-219 style-local-130-c8 position-relative\">\n              <!---->\n              <!---->\n              <div class=\"w-100 h-y-container h-column__content h-column__v-align flex-basis-100\">\n                <!---->\n              <\/div>\n            <\/div>\n          <\/div>\n        <\/div>\n      <\/div>\n    <\/div>\n  <\/div>\n<\/div>","protected":false},"excerpt":{"rendered":"<p>Nedir? Nerededir? Koramaz Vadisi Kayseri \u015fehir merkezinin kuzey do\u011fusunda yer alan Koramaz da\u011f\u0131n\u0131n ete\u011finden bat\u0131ya do\u011fru yakla\u015f\u0131k 12 km boyunca uzanan bu derin vadi; bar\u0131nd\u0131rd\u0131\u011f\u0131 k\u00fclt\u00fcrel ve sosyal ya\u015fam, bitki ve hayvan \u00e7e\u015fitlili\u011fi, tatl\u0131 su kaynaklar\u0131 ve binlerce y\u0131l geriye uzanan tarihi yap\u0131lar\u0131 ile adeta bir konsantre ya\u015fam alan\u0131d\u0131r. Vadi i\u00e7erisinde do\u011fudan bat\u0131ya do\u011fru Suba\u015f\u0131 [&hellip;]<\/p>\n","protected":false},"author":1,"featured_media":0,"parent":0,"menu_order":0,"comment_status":"closed","ping_status":"closed","template":"page-templates\/full-width-page.php","meta":{"footnotes":""},"class_list":["post-130","page","type-page","status-publish","hentry"],"_links":{"self":[{"href":"https:\/\/kultepekoramazdernegi.com\/index.php?rest_route=\/wp\/v2\/pages\/130","targetHints":{"allow":["GET"]}}],"collection":[{"href":"https:\/\/kultepekoramazdernegi.com\/index.php?rest_route=\/wp\/v2\/pages"}],"about":[{"href":"https:\/\/kultepekoramazdernegi.com\/index.php?rest_route=\/wp\/v2\/types\/page"}],"author":[{"embeddable":true,"href":"https:\/\/kultepekoramazdernegi.com\/index.php?rest_route=\/wp\/v2\/users\/1"}],"replies":[{"embeddable":true,"href":"https:\/\/kultepekoramazdernegi.com\/index.php?rest_route=%2Fwp%2Fv2%2Fcomments&post=130"}],"version-history":[{"count":6,"href":"https:\/\/kultepekoramazdernegi.com\/index.php?rest_route=\/wp\/v2\/pages\/130\/revisions"}],"predecessor-version":[{"id":192,"href":"https:\/\/kultepekoramazdernegi.com\/index.php?rest_route=\/wp\/v2\/pages\/130\/revisions\/192"}],"wp:attachment":[{"href":"https:\/\/kultepekoramazdernegi.com\/index.php?rest_route=%2Fwp%2Fv2%2Fmedia&parent=130"}],"curies":[{"name":"wp","href":"https:\/\/api.w.org\/{rel}","templated":true}]}}