{"id":120,"date":"2025-02-04T10:51:54","date_gmt":"2025-02-04T08:51:54","guid":{"rendered":"https:\/\/kultepekoramazdernegi.com\/?page_id=120"},"modified":"2025-02-04T12:13:30","modified_gmt":"2025-02-04T10:13:30","slug":"hakkinda","status":"publish","type":"page","link":"https:\/\/kultepekoramazdernegi.com\/?page_id=120","title":{"rendered":"Hakk\u0131nda"},"content":{"rendered":"<div data-colibri-id=\"120-c1\" class=\"style-203 style-local-120-c1 position-relative\">\n  <!---->\n  <div data-colibri-component=\"section\" data-colibri-id=\"120-c2\" id=\"about\" class=\"h-section h-section-global-spacing d-flex align-items-lg-center align-items-md-center align-items-center style-205 style-local-120-c2 position-relative\">\n    <!---->\n    <!---->\n    <div class=\"h-section-grid-container h-section-boxed-container\">\n      <!---->\n      <div data-colibri-id=\"120-c3\" class=\"h-row-container gutters-row-lg-0 gutters-row-md-0 gutters-row-0 gutters-row-v-lg-0 gutters-row-v-md-0 gutters-row-v-0 style-206 style-local-120-c3 position-relative\">\n        <!---->\n        <div class=\"h-row justify-content-lg-center justify-content-md-center justify-content-center align-items-lg-stretch align-items-md-stretch align-items-stretch gutters-col-lg-0 gutters-col-md-0 gutters-col-0 gutters-col-v-lg-0 gutters-col-v-md-0 gutters-col-v-0\">\n          <!---->\n          <div class=\"h-column h-column-container d-flex h-col-lg-auto h-col-md-auto h-col-auto style-207-outer style-local-120-c4-outer\">\n            <div data-colibri-id=\"120-c4\" class=\"d-flex h-flex-basis h-column__inner h-ui-empty-state-container h-px-lg-0 h-px-md-0 h-px-0 v-inner-lg-0 v-inner-md-0 v-inner-0 style-207 style-local-120-c4 position-relative\">\n              <!---->\n              <!---->\n              <div class=\"w-100 h-y-container h-column__content h-column__v-align flex-basis-100\">\n                <!---->\n              <\/div>\n            <\/div>\n          <\/div>\n          <div class=\"h-column h-column-container d-flex h-col-lg-auto h-col-md-auto h-col-auto style-208-outer style-local-120-c5-outer\">\n            <div data-colibri-id=\"120-c5\" class=\"d-flex h-flex-basis h-column__inner h-px-lg-2 h-px-md-2 h-px-2 v-inner-lg-2 v-inner-md-2 v-inner-2 style-208 style-local-120-c5 position-relative\">\n              <!---->\n              <!---->\n              <div class=\"w-100 h-y-container h-column__content h-column__v-align flex-basis-100 align-self-lg-start align-self-md-start align-self-start\">\n                <!---->\n                <div data-colibri-id=\"120-c6\" class=\"h-global-transition-all h-heading style-209 style-local-120-c6 position-relative h-element\">\n                  <!---->\n                  <div class=\"h-heading__outer style-209 style-local-120-c6\">\n                    <!---->\n                    <!---->\n                    <h5 class=\"\">Dernek Hakk\u0131nda<\/h5>\n                  <\/div>\n                <\/div>\n                <div data-colibri-id=\"120-c7\" class=\"h-global-transition-all h-heading style-210 style-local-120-c7 position-relative h-element\">\n                  <!---->\n                  <div class=\"h-heading__outer style-210 style-local-120-c7\">\n                    <!---->\n                    <!---->\n                    <h2 class=\"\">Kapadokya\n                      <br>K\u00fcltepe\n                      <br>Koramaz Derne\u011fi<\/h2>\n                  <\/div>\n                <\/div>\n                <div data-colibri-id=\"120-c8\" class=\"h-text h-text-component style-211 style-local-120-c8 position-relative h-element\">\n                  <!---->\n                  <!---->\n                  <div class=\"\">\n                    <p>Kapadokya-K\u00fcltepe-Koramaz Tarih, K\u00fclt\u00fcr, E\u011fitim ve Ara\u015ft\u0131rma Derne\u011fi, Kapadokya b\u00f6lgesi, K\u00fcltepe \u00f6ren yeri ve Koramaz Vadisi \u00f6zelinde tarihi ve k\u00fclt\u00fcrel kapsamda \u00e7al\u0131\u015fmalar y\u00fcr\u00fctmektedir. Dernek, 2021 y\u0131l\u0131nda akademisyenler, tarih\u00e7iler,\n                      ara\u015ft\u0131rmac\u0131lardan olu\u015fan g\u00f6n\u00fcll\u00fc kat\u0131l\u0131mc\u0131lar\u0131n bir araya gelmesi ile Kayseri\u2019de kurulmu\u015ftur.<\/p>\n                  <\/div>\n                <\/div>\n              <\/div>\n            <\/div>\n          <\/div>\n        <\/div>\n      <\/div>\n    <\/div>\n  <\/div>\n<\/div>","protected":false},"excerpt":{"rendered":"<p>Dernek Hakk\u0131nda Kapadokya K\u00fcltepe Koramaz Derne\u011fi Kapadokya-K\u00fcltepe-Koramaz Tarih, K\u00fclt\u00fcr, E\u011fitim ve Ara\u015ft\u0131rma Derne\u011fi, Kapadokya b\u00f6lgesi, K\u00fcltepe \u00f6ren yeri ve Koramaz Vadisi \u00f6zelinde tarihi ve k\u00fclt\u00fcrel kapsamda \u00e7al\u0131\u015fmalar y\u00fcr\u00fctmektedir. Dernek, 2021 y\u0131l\u0131nda akademisyenler, tarih\u00e7iler, ara\u015ft\u0131rmac\u0131lardan olu\u015fan g\u00f6n\u00fcll\u00fc kat\u0131l\u0131mc\u0131lar\u0131n bir araya gelmesi ile Kayseri\u2019de kurulmu\u015ftur.<\/p>\n","protected":false},"author":1,"featured_media":0,"parent":0,"menu_order":0,"comment_status":"closed","ping_status":"closed","template":"page-templates\/full-width-page.php","meta":{"footnotes":""},"class_list":["post-120","page","type-page","status-publish","hentry"],"_links":{"self":[{"href":"https:\/\/kultepekoramazdernegi.com\/index.php?rest_route=\/wp\/v2\/pages\/120","targetHints":{"allow":["GET"]}}],"collection":[{"href":"https:\/\/kultepekoramazdernegi.com\/index.php?rest_route=\/wp\/v2\/pages"}],"about":[{"href":"https:\/\/kultepekoramazdernegi.com\/index.php?rest_route=\/wp\/v2\/types\/page"}],"author":[{"embeddable":true,"href":"https:\/\/kultepekoramazdernegi.com\/index.php?rest_route=\/wp\/v2\/users\/1"}],"replies":[{"embeddable":true,"href":"https:\/\/kultepekoramazdernegi.com\/index.php?rest_route=%2Fwp%2Fv2%2Fcomments&post=120"}],"version-history":[{"count":3,"href":"https:\/\/kultepekoramazdernegi.com\/index.php?rest_route=\/wp\/v2\/pages\/120\/revisions"}],"predecessor-version":[{"id":309,"href":"https:\/\/kultepekoramazdernegi.com\/index.php?rest_route=\/wp\/v2\/pages\/120\/revisions\/309"}],"wp:attachment":[{"href":"https:\/\/kultepekoramazdernegi.com\/index.php?rest_route=%2Fwp%2Fv2%2Fmedia&parent=120"}],"curies":[{"name":"wp","href":"https:\/\/api.w.org\/{rel}","templated":true}]}}